{"id":1078,"date":"2025-03-06T01:28:38","date_gmt":"2025-03-06T00:28:38","guid":{"rendered":"https:\/\/ashleygeerestein.com\/resenas\/"},"modified":"2025-12-17T01:30:21","modified_gmt":"2025-12-17T00:30:21","slug":"resenas","status":"publish","type":"page","link":"https:\/\/ashleygeerestein.com\/es\/resenas\/","title":{"rendered":"Rese\u00f1as"},"content":{"rendered":"\t\t<div data-elementor-type=\"wp-page\" data-elementor-id=\"1078\" class=\"elementor elementor-1078 elementor-249\" data-elementor-post-type=\"page\">\n\t\t\t\t<div class=\"elementor-element elementor-element-19aa8970 e-flex e-con-boxed e-con e-parent\" data-id=\"19aa8970\" data-element_type=\"container\" data-e-type=\"container\">\n\t\t\t\t\t<div class=\"e-con-inner\">\n\t\t<div class=\"elementor-element elementor-element-2690e304 e-con-full e-flex e-con e-child\" data-id=\"2690e304\" data-element_type=\"container\" data-e-type=\"container\">\n\t\t\t\t<div class=\"elementor-element elementor-element-273f71a6 elementor-widget elementor-widget-heading\" data-id=\"273f71a6\" data-element_type=\"widget\" data-e-type=\"widget\" data-widget_type=\"heading.default\">\n\t\t\t\t\t<h1 class=\"elementor-heading-title elementor-size-default\">Rese\u00f1as<\/h1>\t\t\t\t<\/div>\n\t\t<div class=\"elementor-element elementor-element-880d27d e-grid e-con-full e-con e-child\" data-id=\"880d27d\" data-element_type=\"container\" data-e-type=\"container\">\n\t\t<div class=\"elementor-element elementor-element-6184069 e-con-full e-flex e-con e-child\" data-id=\"6184069\" data-element_type=\"container\" data-e-type=\"container\">\n\t\t<div class=\"elementor-element elementor-element-9eb28d2 e-con-full e-flex e-con e-child\" data-id=\"9eb28d2\" data-element_type=\"container\" data-e-type=\"container\">\n\t\t\t\t<div class=\"elementor-element elementor-element-2077a69 elementor-widget elementor-widget-image\" data-id=\"2077a69\" data-element_type=\"widget\" data-e-type=\"widget\" data-widget_type=\"image.default\">\n\t\t\t\t\t\t\t\t\t\t\t\t\t\t\t<img fetchpriority=\"high\" decoding=\"async\" width=\"800\" height=\"867\" src=\"https:\/\/ashleygeerestein.com\/wp-content\/uploads\/2025\/03\/IMG_0071-945x1024.jpg\" class=\"attachment-large size-large wp-image-1109\" alt=\"\" srcset=\"https:\/\/ashleygeerestein.com\/wp-content\/uploads\/2025\/03\/IMG_0071-945x1024.jpg 945w, https:\/\/ashleygeerestein.com\/wp-content\/uploads\/2025\/03\/IMG_0071-277x300.jpg 277w, https:\/\/ashleygeerestein.com\/wp-content\/uploads\/2025\/03\/IMG_0071-768x832.jpg 768w, https:\/\/ashleygeerestein.com\/wp-content\/uploads\/2025\/03\/IMG_0071.jpg 1164w\" sizes=\"(max-width: 800px) 100vw, 800px\" \/>\t\t\t\t\t\t\t\t\t\t\t\t\t\t\t<\/div>\n\t\t\t\t<\/div>\n\t\t<div class=\"elementor-element elementor-element-0392c35 e-con-full e-flex e-con e-child\" data-id=\"0392c35\" data-element_type=\"container\" data-e-type=\"container\">\n\t\t\t\t<div class=\"elementor-element elementor-element-4a50732 elementor-widget elementor-widget-text-editor\" data-id=\"4a50732\" data-element_type=\"widget\" data-e-type=\"widget\" data-widget_type=\"text-editor.default\">\n\t\t\t\t\t\t\t\t\t<p class=\"font_8 wixui-rich-text__text\">\u201c\u00a1Estoy muy contenta de haber tomado la decisi\u00f3n de recibir entrenamiento con Ashley hace tres meses!<\/p><p class=\"font_8 wixui-rich-text__text\">Mi objetivo era tener m\u00e1s energ\u00eda y una relaci\u00f3n m\u00e1s sana con la comida. Tambi\u00e9n quer\u00eda perder algunos kilos. Con Ashley, todo esto sucedi\u00f3 muy r\u00e1pido. Sabe mucho sobre c\u00f3mo funciona tu cuerpo y lo que necesita.<\/p><p class=\"font_8 wixui-rich-text__text\">Te lo explica de una manera agradable. Realmente se toma su tiempo y profundiza en esto, para que entiendas todo el panorama. De esta manera, aprendes a aplicar el producto final t\u00fa mismo.<\/p><p class=\"font_8 wixui-rich-text__text\">Luego, tambi\u00e9n presta atenci\u00f3n a la parte mental de esto. Esto hace que el entrenamiento se sienta como algo que podr\u00edas hacer por el resto de tu vida.<\/p><p class=\"font_8 wixui-rich-text__text\">Y, por \u00faltimo, tambi\u00e9n te ense\u00f1a a disfrutar de todo el proceso.<\/p><p class=\"font_8 wixui-rich-text__text\">En resumen, \u00a1el entrenamiento de Ashley vale m\u00e1s que la inversi\u00f3n!\u201d<\/p>\t\t\t\t\t\t\t\t<\/div>\n\t\t\t\t<\/div>\n\t\t\t\t<\/div>\n\t\t<div class=\"elementor-element elementor-element-8acdec4 e-con-full e-flex e-con e-child\" data-id=\"8acdec4\" data-element_type=\"container\" data-e-type=\"container\">\n\t\t<div class=\"elementor-element elementor-element-b43e4e3 e-con-full e-flex e-con e-child\" data-id=\"b43e4e3\" data-element_type=\"container\" data-e-type=\"container\">\n\t\t\t\t<div class=\"elementor-element elementor-element-d4e719d elementor-widget elementor-widget-image\" data-id=\"d4e719d\" data-element_type=\"widget\" data-e-type=\"widget\" data-widget_type=\"image.default\">\n\t\t\t\t\t\t\t\t\t\t\t\t\t\t\t<img decoding=\"async\" width=\"678\" height=\"576\" src=\"https:\/\/ashleygeerestein.com\/wp-content\/uploads\/2025\/03\/Captura-de-pantalla-2025-03-06-a-las-2.08.41.png\" class=\"attachment-large size-large wp-image-1095\" alt=\"\" srcset=\"https:\/\/ashleygeerestein.com\/wp-content\/uploads\/2025\/03\/Captura-de-pantalla-2025-03-06-a-las-2.08.41.png 678w, https:\/\/ashleygeerestein.com\/wp-content\/uploads\/2025\/03\/Captura-de-pantalla-2025-03-06-a-las-2.08.41-300x255.png 300w\" sizes=\"(max-width: 678px) 100vw, 678px\" \/>\t\t\t\t\t\t\t\t\t\t\t\t\t\t\t<\/div>\n\t\t\t\t<\/div>\n\t\t<div class=\"elementor-element elementor-element-7f92c43 e-con-full e-flex e-con e-child\" data-id=\"7f92c43\" data-element_type=\"container\" data-e-type=\"container\">\n\t\t\t\t<div class=\"elementor-element elementor-element-8797445 elementor-widget elementor-widget-text-editor\" data-id=\"8797445\" data-element_type=\"widget\" data-e-type=\"widget\" data-widget_type=\"text-editor.default\">\n\t\t\t\t\t\t\t\t\t<p class=\"font_8 wixui-rich-text__text\">\u201cAntes de comenzar con el programa de entrenamiento de Ashley, pens\u00e9: \u00a8Yo puedo con esto, ser\u00e1 f\u00e1cil\u00a8. Entrenaba tres veces por semana, corr\u00eda detr\u00e1s de los ni\u00f1os y com\u00eda mi ensalada de espinacas a diario. Pero, por mucho que entrenaba, no necesariamente obten\u00eda los resultados que esperaba.<\/p><p class=\"font_8 wixui-rich-text__text\">Cuando Ashley ech\u00f3 un vistazo a lo que com\u00eda y, sobre todo, a cu\u00e1nto com\u00eda, descubrimos que mi ingesta de prote\u00ednas era demasiado baja para coincidir con mi entrenamiento. As\u00ed que empezamos a aumentar las prote\u00ednas en mi dieta y lo complementamos con entrenamientos centrados en los gl\u00fateos.<\/p><p class=\"font_8 wixui-rich-text__text\">Antes, nunca imagin\u00e9 que podr\u00eda comer un s\u00e1ndwich de queso a la parrilla, pero ahora de repente se me permit\u00eda comer de todo. \u00a1Y mira los resultados!\u201d<\/p>\t\t\t\t\t\t\t\t<\/div>\n\t\t\t\t<\/div>\n\t\t\t\t<\/div>\n\t\t<div class=\"elementor-element elementor-element-5f4aa82 e-con-full e-flex e-con e-child\" data-id=\"5f4aa82\" data-element_type=\"container\" data-e-type=\"container\">\n\t\t<div class=\"elementor-element elementor-element-bd91fda e-con-full e-flex e-con e-child\" data-id=\"bd91fda\" data-element_type=\"container\" data-e-type=\"container\">\n\t\t\t\t<div class=\"elementor-element elementor-element-b7a17aa elementor-widget elementor-widget-image\" data-id=\"b7a17aa\" data-element_type=\"widget\" data-e-type=\"widget\" data-widget_type=\"image.default\">\n\t\t\t\t\t\t\t\t\t\t\t\t\t\t\t<img decoding=\"async\" width=\"800\" height=\"792\" src=\"https:\/\/ashleygeerestein.com\/wp-content\/uploads\/2025\/03\/IMG_0083-1024x1014.jpg\" class=\"attachment-large size-large wp-image-1114\" alt=\"\" srcset=\"https:\/\/ashleygeerestein.com\/wp-content\/uploads\/2025\/03\/IMG_0083-1024x1014.jpg 1024w, https:\/\/ashleygeerestein.com\/wp-content\/uploads\/2025\/03\/IMG_0083-300x297.jpg 300w, https:\/\/ashleygeerestein.com\/wp-content\/uploads\/2025\/03\/IMG_0083-150x150.jpg 150w, https:\/\/ashleygeerestein.com\/wp-content\/uploads\/2025\/03\/IMG_0083-768x761.jpg 768w, https:\/\/ashleygeerestein.com\/wp-content\/uploads\/2025\/03\/IMG_0083.jpg 1170w\" sizes=\"(max-width: 800px) 100vw, 800px\" \/>\t\t\t\t\t\t\t\t\t\t\t\t\t\t\t<\/div>\n\t\t\t\t<\/div>\n\t\t<div class=\"elementor-element elementor-element-36317c7 e-con-full e-flex e-con e-child\" data-id=\"36317c7\" data-element_type=\"container\" data-e-type=\"container\">\n\t\t\t\t<div class=\"elementor-element elementor-element-b1eb4c6 elementor-widget elementor-widget-text-editor\" data-id=\"b1eb4c6\" data-element_type=\"widget\" data-e-type=\"widget\" data-widget_type=\"text-editor.default\">\n\t\t\t\t\t\t\t\t\t<p class=\"font_8 wixui-rich-text__text\">\u201c\u00a1C\u00f3mo han pasado volando los tres meses! Y, \u00a1caramba!, estoy orgullosa de m\u00ed misma.<\/p><p class=\"font_8 wixui-rich-text__text\">A pesar de todo el caos en mi vida, tengo una dieta nueva\/m\u00e1s saludable y hago ejercicio de una manera que me conviene.<\/p><p class=\"font_8 wixui-rich-text__text\">Estoy muy contenta de haber dado este paso y de que Ashley me haya ayudado de una manera muy agradable. El objetivo final a\u00fan no est\u00e1 a la vista, pero el camino hacia \u00e9l ha sido muy f\u00e1cil hasta ahora\u201d.<\/p>\t\t\t\t\t\t\t\t<\/div>\n\t\t\t\t<\/div>\n\t\t\t\t<\/div>\n\t\t<div class=\"elementor-element elementor-element-97ffda7 e-con-full e-flex e-con e-child\" data-id=\"97ffda7\" data-element_type=\"container\" data-e-type=\"container\">\n\t\t<div class=\"elementor-element elementor-element-18fe420 e-con-full e-flex e-con e-child\" data-id=\"18fe420\" data-element_type=\"container\" data-e-type=\"container\">\n\t\t\t\t<div class=\"elementor-element elementor-element-b6a3867 elementor-widget elementor-widget-image\" data-id=\"b6a3867\" data-element_type=\"widget\" data-e-type=\"widget\" data-widget_type=\"image.default\">\n\t\t\t\t\t\t\t\t\t\t\t\t\t\t\t<img loading=\"lazy\" decoding=\"async\" width=\"674\" height=\"586\" src=\"https:\/\/ashleygeerestein.com\/wp-content\/uploads\/2025\/03\/Captura-de-pantalla-2025-03-06-a-las-2.12.36.png\" class=\"attachment-large size-large wp-image-1097\" alt=\"\" srcset=\"https:\/\/ashleygeerestein.com\/wp-content\/uploads\/2025\/03\/Captura-de-pantalla-2025-03-06-a-las-2.12.36.png 674w, https:\/\/ashleygeerestein.com\/wp-content\/uploads\/2025\/03\/Captura-de-pantalla-2025-03-06-a-las-2.12.36-300x261.png 300w\" sizes=\"(max-width: 674px) 100vw, 674px\" \/>\t\t\t\t\t\t\t\t\t\t\t\t\t\t\t<\/div>\n\t\t\t\t<\/div>\n\t\t<div class=\"elementor-element elementor-element-5e58ebe e-con-full e-flex e-con e-child\" data-id=\"5e58ebe\" data-element_type=\"container\" data-e-type=\"container\">\n\t\t\t\t<div class=\"elementor-element elementor-element-08a31bc elementor-widget elementor-widget-text-editor\" data-id=\"08a31bc\" data-element_type=\"widget\" data-e-type=\"widget\" data-widget_type=\"text-editor.default\">\n\t\t\t\t\t\t\t\t\t<p class=\"font_8 wixui-rich-text__text\">\u201cComenc\u00e9 mi viaje con Ashley hace 3 meses. Durante un per\u00edodo dif\u00edcil, perd\u00ed el control de mis h\u00e1bitos alimenticios. No me sent\u00eda nada bien con esto y tambi\u00e9n hab\u00eda ganado algunos kilos como resultado. Ashley me ha dado las herramientas adecuadas de nuevo. Sab\u00eda exactamente lo que necesitaba, todo se puede discutir y, cuando ten\u00eda un mal momento, Ashley me ayudaba a poner las cosas en perspectiva.<\/p><p class=\"font_8 wixui-rich-text__text\">La aplicaci\u00f3n es realmente genial. Tienes varias opciones cuando se trata de tu comida y tambi\u00e9n puedes a\u00f1adir productos t\u00fa mismo.<\/p><p class=\"font_8 wixui-rich-text__text\">No me he arrepentido ni por un segundo y me alegro de haber empezado hace 3 meses. Me siento en forma de nuevo y muy feliz.<\/p><p class=\"font_8 wixui-rich-text__text\"><span class=\"wixGuard wixui-rich-text__text\">\u200b<\/span><\/p><p class=\"font_8 wixui-rich-text__text\">\u00a1No podr\u00eda haberlo hecho sin Ashley!\u201d<\/p>\t\t\t\t\t\t\t\t<\/div>\n\t\t\t\t<\/div>\n\t\t\t\t<\/div>\n\t\t\t\t<\/div>\n\t\t\t\t<div class=\"elementor-element elementor-element-05e87cc elementor-widget elementor-widget-gallery\" data-id=\"05e87cc\" data-element_type=\"widget\" data-e-type=\"widget\" data-settings=\"{&quot;columns&quot;:2,&quot;aspect_ratio&quot;:&quot;4:3&quot;,&quot;gallery_layout&quot;:&quot;grid&quot;,&quot;columns_tablet&quot;:2,&quot;columns_mobile&quot;:1,&quot;gap&quot;:{&quot;unit&quot;:&quot;px&quot;,&quot;size&quot;:10,&quot;sizes&quot;:[]},&quot;gap_tablet&quot;:{&quot;unit&quot;:&quot;px&quot;,&quot;size&quot;:10,&quot;sizes&quot;:[]},&quot;gap_mobile&quot;:{&quot;unit&quot;:&quot;px&quot;,&quot;size&quot;:10,&quot;sizes&quot;:[]},&quot;link_to&quot;:&quot;file&quot;,&quot;overlay_background&quot;:&quot;yes&quot;,&quot;content_hover_animation&quot;:&quot;fade-in&quot;}\" data-widget_type=\"gallery.default\">\n\t\t\t\t\t\t\t<div class=\"elementor-gallery__container\">\n\t\t\t\t\t\t\t<a class=\"e-gallery-item elementor-gallery-item elementor-animated-content\" href=\"https:\/\/ashleygeerestein.com\/wp-content\/uploads\/2025\/03\/IMG_0080.jpg\" data-elementor-open-lightbox=\"yes\" data-elementor-lightbox-slideshow=\"05e87cc\" data-elementor-lightbox-title=\"Screenshot\" data-e-action-hash=\"#elementor-action%3Aaction%3Dlightbox%26settings%3DeyJpZCI6MzE1LCJ1cmwiOiJodHRwczpcL1wvYXNobGV5Z2VlcmVzdGVpbi5jb21cL3dwLWNvbnRlbnRcL3VwbG9hZHNcLzIwMjVcLzAzXC9JTUdfMDA4MC5qcGciLCJzbGlkZXNob3ciOiIwNWU4N2NjIn0%3D\">\n\t\t\t\t\t<div class=\"e-gallery-image elementor-gallery-item__image\" data-thumbnail=\"https:\/\/ashleygeerestein.com\/wp-content\/uploads\/2025\/03\/IMG_0080-1024x995.jpg\" data-width=\"800\" data-height=\"777\" aria-label=\"\" role=\"img\" ><\/div>\n\t\t\t\t\t\t\t\t\t\t\t<div class=\"elementor-gallery-item__overlay\"><\/div>\n\t\t\t\t\t\t\t\t\t\t\t\t\t\t<\/a>\n\t\t\t\t\t\t\t<a class=\"e-gallery-item elementor-gallery-item elementor-animated-content\" href=\"https:\/\/ashleygeerestein.com\/wp-content\/uploads\/2025\/03\/IMG_0079.jpg\" data-elementor-open-lightbox=\"yes\" data-elementor-lightbox-slideshow=\"05e87cc\" data-elementor-lightbox-title=\"Screenshot\" data-e-action-hash=\"#elementor-action%3Aaction%3Dlightbox%26settings%3DeyJpZCI6MzE0LCJ1cmwiOiJodHRwczpcL1wvYXNobGV5Z2VlcmVzdGVpbi5jb21cL3dwLWNvbnRlbnRcL3VwbG9hZHNcLzIwMjVcLzAzXC9JTUdfMDA3OS5qcGciLCJzbGlkZXNob3ciOiIwNWU4N2NjIn0%3D\">\n\t\t\t\t\t<div class=\"e-gallery-image elementor-gallery-item__image\" data-thumbnail=\"https:\/\/ashleygeerestein.com\/wp-content\/uploads\/2025\/03\/IMG_0079-986x1024.jpg\" data-width=\"800\" data-height=\"831\" aria-label=\"\" role=\"img\" ><\/div>\n\t\t\t\t\t\t\t\t\t\t\t<div class=\"elementor-gallery-item__overlay\"><\/div>\n\t\t\t\t\t\t\t\t\t\t\t\t\t\t<\/a>\n\t\t\t\t\t\t\t<a class=\"e-gallery-item elementor-gallery-item elementor-animated-content\" href=\"https:\/\/ashleygeerestein.com\/wp-content\/uploads\/2025\/03\/IMG_0077.jpg\" data-elementor-open-lightbox=\"yes\" data-elementor-lightbox-slideshow=\"05e87cc\" data-elementor-lightbox-title=\"Screenshot\" data-e-action-hash=\"#elementor-action%3Aaction%3Dlightbox%26settings%3DeyJpZCI6MzEzLCJ1cmwiOiJodHRwczpcL1wvYXNobGV5Z2VlcmVzdGVpbi5jb21cL3dwLWNvbnRlbnRcL3VwbG9hZHNcLzIwMjVcLzAzXC9JTUdfMDA3Ny5qcGciLCJzbGlkZXNob3ciOiIwNWU4N2NjIn0%3D\">\n\t\t\t\t\t<div class=\"e-gallery-image elementor-gallery-item__image\" data-thumbnail=\"https:\/\/ashleygeerestein.com\/wp-content\/uploads\/2025\/03\/IMG_0077.jpg\" data-width=\"741\" data-height=\"919\" aria-label=\"\" role=\"img\" ><\/div>\n\t\t\t\t\t\t\t\t\t\t\t<div class=\"elementor-gallery-item__overlay\"><\/div>\n\t\t\t\t\t\t\t\t\t\t\t\t\t\t<\/a>\n\t\t\t\t\t\t\t<a class=\"e-gallery-item elementor-gallery-item elementor-animated-content\" href=\"https:\/\/ashleygeerestein.com\/wp-content\/uploads\/2025\/03\/IMG_0075.jpg\" data-elementor-open-lightbox=\"yes\" data-elementor-lightbox-slideshow=\"05e87cc\" data-elementor-lightbox-title=\"Screenshot\" data-e-action-hash=\"#elementor-action%3Aaction%3Dlightbox%26settings%3DeyJpZCI6MzEyLCJ1cmwiOiJodHRwczpcL1wvYXNobGV5Z2VlcmVzdGVpbi5jb21cL3dwLWNvbnRlbnRcL3VwbG9hZHNcLzIwMjVcLzAzXC9JTUdfMDA3NS5qcGciLCJzbGlkZXNob3ciOiIwNWU4N2NjIn0%3D\">\n\t\t\t\t\t<div class=\"e-gallery-image elementor-gallery-item__image\" data-thumbnail=\"https:\/\/ashleygeerestein.com\/wp-content\/uploads\/2025\/03\/IMG_0075-1024x995.jpg\" data-width=\"800\" data-height=\"777\" aria-label=\"\" role=\"img\" ><\/div>\n\t\t\t\t\t\t\t\t\t\t\t<div class=\"elementor-gallery-item__overlay\"><\/div>\n\t\t\t\t\t\t\t\t\t\t\t\t\t\t<\/a>\n\t\t\t\t\t\t\t<a class=\"e-gallery-item elementor-gallery-item elementor-animated-content\" href=\"https:\/\/ashleygeerestein.com\/wp-content\/uploads\/2025\/03\/IMG_0070.jpg\" data-elementor-open-lightbox=\"yes\" data-elementor-lightbox-slideshow=\"05e87cc\" data-elementor-lightbox-title=\"Screenshot\" data-e-action-hash=\"#elementor-action%3Aaction%3Dlightbox%26settings%3DeyJpZCI6MzEwLCJ1cmwiOiJodHRwczpcL1wvYXNobGV5Z2VlcmVzdGVpbi5jb21cL3dwLWNvbnRlbnRcL3VwbG9hZHNcLzIwMjVcLzAzXC9JTUdfMDA3MC5qcGciLCJzbGlkZXNob3ciOiIwNWU4N2NjIn0%3D\">\n\t\t\t\t\t<div class=\"e-gallery-image elementor-gallery-item__image\" data-thumbnail=\"https:\/\/ashleygeerestein.com\/wp-content\/uploads\/2025\/03\/IMG_0070-1024x483.jpg\" data-width=\"800\" data-height=\"377\" aria-label=\"\" role=\"img\" ><\/div>\n\t\t\t\t\t\t\t\t\t\t\t<div class=\"elementor-gallery-item__overlay\"><\/div>\n\t\t\t\t\t\t\t\t\t\t\t\t\t\t<\/a>\n\t\t\t\t\t\t\t<a class=\"e-gallery-item elementor-gallery-item elementor-animated-content\" href=\"https:\/\/ashleygeerestein.com\/wp-content\/uploads\/2025\/03\/E44AD633-B5DF-426B-AFFC-DADBEC6B8569_1_201_a.jpeg\" data-elementor-open-lightbox=\"yes\" data-elementor-lightbox-slideshow=\"05e87cc\" data-elementor-lightbox-title=\"Screenshot\" data-e-action-hash=\"#elementor-action%3Aaction%3Dlightbox%26settings%3DeyJpZCI6MzAxLCJ1cmwiOiJodHRwczpcL1wvYXNobGV5Z2VlcmVzdGVpbi5jb21cL3dwLWNvbnRlbnRcL3VwbG9hZHNcLzIwMjVcLzAzXC9FNDRBRDYzMy1CNURGLTQyNkItQUZGQy1EQURCRUM2Qjg1NjlfMV8yMDFfYS5qcGVnIiwic2xpZGVzaG93IjoiMDVlODdjYyJ9\">\n\t\t\t\t\t<div class=\"e-gallery-image elementor-gallery-item__image\" data-thumbnail=\"https:\/\/ashleygeerestein.com\/wp-content\/uploads\/2025\/03\/E44AD633-B5DF-426B-AFFC-DADBEC6B8569_1_201_a.jpeg\" data-width=\"800\" data-height=\"768\" aria-label=\"\" role=\"img\" ><\/div>\n\t\t\t\t\t\t\t\t\t\t\t<div class=\"elementor-gallery-item__overlay\"><\/div>\n\t\t\t\t\t\t\t\t\t\t\t\t\t\t<\/a>\n\t\t\t\t\t\t\t<a class=\"e-gallery-item elementor-gallery-item elementor-animated-content\" href=\"https:\/\/ashleygeerestein.com\/wp-content\/uploads\/2025\/03\/099E5475-4F0D-44FE-B8AA-BD21FD1DC2A6_1_201_a.jpeg\" data-elementor-open-lightbox=\"yes\" data-elementor-lightbox-slideshow=\"05e87cc\" data-elementor-lightbox-title=\"Screenshot\" data-e-action-hash=\"#elementor-action%3Aaction%3Dlightbox%26settings%3DeyJpZCI6MzAwLCJ1cmwiOiJodHRwczpcL1wvYXNobGV5Z2VlcmVzdGVpbi5jb21cL3dwLWNvbnRlbnRcL3VwbG9hZHNcLzIwMjVcLzAzXC8wOTlFNTQ3NS00RjBELTQ0RkUtQjhBQS1CRDIxRkQxREMyQTZfMV8yMDFfYS5qcGVnIiwic2xpZGVzaG93IjoiMDVlODdjYyJ9\">\n\t\t\t\t\t<div class=\"e-gallery-image elementor-gallery-item__image\" data-thumbnail=\"https:\/\/ashleygeerestein.com\/wp-content\/uploads\/2025\/03\/099E5475-4F0D-44FE-B8AA-BD21FD1DC2A6_1_201_a-1024x751.jpeg\" data-width=\"800\" data-height=\"587\" aria-label=\"\" role=\"img\" ><\/div>\n\t\t\t\t\t\t\t\t\t\t\t<div class=\"elementor-gallery-item__overlay\"><\/div>\n\t\t\t\t\t\t\t\t\t\t\t\t\t\t<\/a>\n\t\t\t\t\t\t\t<a class=\"e-gallery-item elementor-gallery-item elementor-animated-content\" href=\"https:\/\/ashleygeerestein.com\/wp-content\/uploads\/2025\/03\/Captura-de-pantalla-2025-03-06-a-las-2.10.52.png\" data-elementor-open-lightbox=\"yes\" data-elementor-lightbox-slideshow=\"05e87cc\" data-elementor-lightbox-title=\"Captura de pantalla 2025-03-06 a las 2.10.52\" data-e-action-hash=\"#elementor-action%3Aaction%3Dlightbox%26settings%3DeyJpZCI6MjI4LCJ1cmwiOiJodHRwczpcL1wvYXNobGV5Z2VlcmVzdGVpbi5jb21cL3dwLWNvbnRlbnRcL3VwbG9hZHNcLzIwMjVcLzAzXC9DYXB0dXJhLWRlLXBhbnRhbGxhLTIwMjUtMDMtMDYtYS1sYXMtMi4xMC41Mi5wbmciLCJzbGlkZXNob3ciOiIwNWU4N2NjIn0%3D\">\n\t\t\t\t\t<div class=\"e-gallery-image elementor-gallery-item__image\" data-thumbnail=\"https:\/\/ashleygeerestein.com\/wp-content\/uploads\/2025\/03\/Captura-de-pantalla-2025-03-06-a-las-2.10.52.png\" data-width=\"672\" data-height=\"574\" aria-label=\"\" role=\"img\" ><\/div>\n\t\t\t\t\t\t\t\t\t\t\t<div class=\"elementor-gallery-item__overlay\"><\/div>\n\t\t\t\t\t\t\t\t\t\t\t\t\t\t<\/a>\n\t\t\t\t\t\t\t<a class=\"e-gallery-item elementor-gallery-item elementor-animated-content\" href=\"https:\/\/ashleygeerestein.com\/wp-content\/uploads\/2025\/03\/EC54D9F7-1B33-4CFE-ACDE-C822DF84C032_1_201_a.jpeg\" data-elementor-open-lightbox=\"yes\" data-elementor-lightbox-slideshow=\"05e87cc\" data-elementor-lightbox-title=\"Screenshot\" data-e-action-hash=\"#elementor-action%3Aaction%3Dlightbox%26settings%3DeyJpZCI6MzAzLCJ1cmwiOiJodHRwczpcL1wvYXNobGV5Z2VlcmVzdGVpbi5jb21cL3dwLWNvbnRlbnRcL3VwbG9hZHNcLzIwMjVcLzAzXC9FQzU0RDlGNy0xQjMzLTRDRkUtQUNERS1DODIyREY4NEMwMzJfMV8yMDFfYS5qcGVnIiwic2xpZGVzaG93IjoiMDVlODdjYyJ9\">\n\t\t\t\t\t<div class=\"e-gallery-image elementor-gallery-item__image\" data-thumbnail=\"https:\/\/ashleygeerestein.com\/wp-content\/uploads\/2025\/03\/EC54D9F7-1B33-4CFE-ACDE-C822DF84C032_1_201_a.jpeg\" data-width=\"800\" data-height=\"565\" aria-label=\"\" role=\"img\" ><\/div>\n\t\t\t\t\t\t\t\t\t\t\t<div class=\"elementor-gallery-item__overlay\"><\/div>\n\t\t\t\t\t\t\t\t\t\t\t\t\t\t<\/a>\n\t\t\t\t\t\t\t<a class=\"e-gallery-item elementor-gallery-item elementor-animated-content\" href=\"https:\/\/ashleygeerestein.com\/wp-content\/uploads\/2025\/03\/E314B71D-D0C1-4AA3-B2D6-F5F68E42E09F_1_201_a.jpeg\" data-elementor-open-lightbox=\"yes\" data-elementor-lightbox-slideshow=\"05e87cc\" data-elementor-lightbox-title=\"Screenshot\" data-e-action-hash=\"#elementor-action%3Aaction%3Dlightbox%26settings%3DeyJpZCI6MzAyLCJ1cmwiOiJodHRwczpcL1wvYXNobGV5Z2VlcmVzdGVpbi5jb21cL3dwLWNvbnRlbnRcL3VwbG9hZHNcLzIwMjVcLzAzXC9FMzE0QjcxRC1EMEMxLTRBQTMtQjJENi1GNUY2OEU0MkUwOUZfMV8yMDFfYS5qcGVnIiwic2xpZGVzaG93IjoiMDVlODdjYyJ9\">\n\t\t\t\t\t<div class=\"e-gallery-image elementor-gallery-item__image\" data-thumbnail=\"https:\/\/ashleygeerestein.com\/wp-content\/uploads\/2025\/03\/E314B71D-D0C1-4AA3-B2D6-F5F68E42E09F_1_201_a-1024x914.jpeg\" data-width=\"800\" data-height=\"714\" aria-label=\"\" role=\"img\" ><\/div>\n\t\t\t\t\t\t\t\t\t\t\t<div class=\"elementor-gallery-item__overlay\"><\/div>\n\t\t\t\t\t\t\t\t\t\t\t\t\t\t<\/a>\n\t\t\t\t\t\t\t<a class=\"e-gallery-item elementor-gallery-item elementor-animated-content\" href=\"https:\/\/ashleygeerestein.com\/wp-content\/uploads\/2025\/03\/Captura-de-pantalla-2025-03-06-a-las-2.08.41.png\" data-elementor-open-lightbox=\"yes\" data-elementor-lightbox-slideshow=\"05e87cc\" data-elementor-lightbox-title=\"Captura de pantalla 2025-03-06 a las 2.08.41\" data-e-action-hash=\"#elementor-action%3Aaction%3Dlightbox%26settings%3DeyJpZCI6MjI3LCJ1cmwiOiJodHRwczpcL1wvYXNobGV5Z2VlcmVzdGVpbi5jb21cL3dwLWNvbnRlbnRcL3VwbG9hZHNcLzIwMjVcLzAzXC9DYXB0dXJhLWRlLXBhbnRhbGxhLTIwMjUtMDMtMDYtYS1sYXMtMi4wOC40MS5wbmciLCJzbGlkZXNob3ciOiIwNWU4N2NjIn0%3D\">\n\t\t\t\t\t<div class=\"e-gallery-image elementor-gallery-item__image\" data-thumbnail=\"https:\/\/ashleygeerestein.com\/wp-content\/uploads\/2025\/03\/Captura-de-pantalla-2025-03-06-a-las-2.08.41.png\" data-width=\"678\" data-height=\"576\" aria-label=\"\" role=\"img\" ><\/div>\n\t\t\t\t\t\t\t\t\t\t\t<div class=\"elementor-gallery-item__overlay\"><\/div>\n\t\t\t\t\t\t\t\t\t\t\t\t\t\t<\/a>\n\t\t\t\t\t<\/div>\n\t\t\t\t\t<\/div>\n\t\t\t\t<\/div>\n\t\t\t\t\t<\/div>\n\t\t\t\t<\/div>\n\t\t<div class=\"elementor-element elementor-element-36304d6 e-flex e-con-boxed e-con e-parent\" data-id=\"36304d6\" data-element_type=\"container\" data-e-type=\"container\" data-settings=\"{&quot;background_background&quot;:&quot;classic&quot;}\">\n\t\t\t\t\t<div class=\"e-con-inner\">\n\t\t\t\t<div class=\"elementor-element elementor-element-140f4d9 elementor-widget elementor-widget-heading\" data-id=\"140f4d9\" data-element_type=\"widget\" data-e-type=\"widget\" data-widget_type=\"heading.default\">\n\t\t\t\t\t<h2 class=\"elementor-heading-title elementor-size-default\">\u00a1Hagamos un cambio!<\/h2>\t\t\t\t<\/div>\n\t\t\t\t<div class=\"elementor-element elementor-element-c328e5c elementor-mobile-align-center elementor-align-center elementor-invisible elementor-widget elementor-widget-button\" data-id=\"c328e5c\" data-element_type=\"widget\" data-e-type=\"widget\" data-settings=\"{&quot;_animation&quot;:&quot;fadeInDown&quot;}\" data-widget_type=\"button.default\">\n\t\t\t\t\t\t\t\t\t\t<a class=\"elementor-button elementor-button-link elementor-size-sm\" href=\"https:\/\/ashleygeerestein.com\/apply\/\">\n\t\t\t\t\t\t<span class=\"elementor-button-content-wrapper\">\n\t\t\t\t\t\t\t\t\t<span class=\"elementor-button-text\">Solicitar ahora<\/span>\n\t\t\t\t\t<\/span>\n\t\t\t\t\t<\/a>\n\t\t\t\t\t\t\t\t<\/div>\n\t\t\t\t\t<\/div>\n\t\t\t\t<\/div>\n\t\t\t\t<\/div>\n\t\t","protected":false},"excerpt":{"rendered":"<p>Rese\u00f1as \u201c\u00a1Estoy muy contenta de haber tomado la decisi\u00f3n de recibir entrenamiento con Ashley hace tres meses! Mi objetivo era tener m\u00e1s energ\u00eda y una relaci\u00f3n m\u00e1s sana con la comida. Tambi\u00e9n quer\u00eda perder algunos kilos. Con Ashley, todo esto sucedi\u00f3 muy r\u00e1pido. Sabe mucho sobre c\u00f3mo funciona tu cuerpo y lo que necesita. Te [&hellip;]<\/p>\n","protected":false},"author":1,"featured_media":0,"parent":0,"menu_order":0,"comment_status":"closed","ping_status":"closed","template":"elementor_header_footer","meta":{"_acf_changed":false,"footnotes":""},"class_list":["post-1078","page","type-page","status-publish","hentry"],"acf":[],"_links":{"self":[{"href":"https:\/\/ashleygeerestein.com\/es\/wp-json\/wp\/v2\/pages\/1078","targetHints":{"allow":["GET"]}}],"collection":[{"href":"https:\/\/ashleygeerestein.com\/es\/wp-json\/wp\/v2\/pages"}],"about":[{"href":"https:\/\/ashleygeerestein.com\/es\/wp-json\/wp\/v2\/types\/page"}],"author":[{"embeddable":true,"href":"https:\/\/ashleygeerestein.com\/es\/wp-json\/wp\/v2\/users\/1"}],"replies":[{"embeddable":true,"href":"https:\/\/ashleygeerestein.com\/es\/wp-json\/wp\/v2\/comments?post=1078"}],"version-history":[{"count":1,"href":"https:\/\/ashleygeerestein.com\/es\/wp-json\/wp\/v2\/pages\/1078\/revisions"}],"predecessor-version":[{"id":1080,"href":"https:\/\/ashleygeerestein.com\/es\/wp-json\/wp\/v2\/pages\/1078\/revisions\/1080"}],"wp:attachment":[{"href":"https:\/\/ashleygeerestein.com\/es\/wp-json\/wp\/v2\/media?parent=1078"}],"curies":[{"name":"wp","href":"https:\/\/api.w.org\/{rel}","templated":true}]}}